{"id":9,"date":"2020-06-13T09:35:50","date_gmt":"2020-06-13T09:35:50","guid":{"rendered":"http:\/\/mv-consulting-gmbh.de\/?page_id=9"},"modified":"2020-06-13T10:19:35","modified_gmt":"2020-06-13T10:19:35","slug":"referenzen","status":"publish","type":"page","link":"https:\/\/mv-consulting-gmbh.de\/?page_id=9","title":{"rendered":"Referenzen"},"content":{"rendered":"\n<figure class=\"wp-block-image size-large is-resized\"><img loading=\"lazy\" decoding=\"async\" src=\"http:\/\/mv-consulting-gmbh.de\/wp-content\/uploads\/2020\/06\/hg_referenzen.jpg\" alt=\"\" class=\"wp-image-35\" width=\"1000\" height=\"500\" srcset=\"https:\/\/mv-consulting-gmbh.de\/wp-content\/uploads\/2020\/06\/hg_referenzen.jpg 1000w, https:\/\/mv-consulting-gmbh.de\/wp-content\/uploads\/2020\/06\/hg_referenzen-300x150.jpg 300w, https:\/\/mv-consulting-gmbh.de\/wp-content\/uploads\/2020\/06\/hg_referenzen-768x384.jpg 768w\" sizes=\"auto, (max-width: 709px) 85vw, (max-width: 909px) 67vw, (max-width: 1362px) 62vw, 840px\" \/><\/figure>\n\n\n\n<h3 class=\"wp-block-heading\">Miele<\/h3>\n\n\n\n<h4 class=\"wp-block-heading\">Haushaltsger\u00e4te<\/h4>\n\n\n\n<p>Planung und Entwicklung der Ger\u00e4tesoftware f\u00fcr eine neue Sp\u00fclmaschinengeneration.<br><\/p>\n\n\n\n<h3 class=\"wp-block-heading\">Schwarzer Cardiotek<\/h3>\n\n\n\n<h4 class=\"wp-block-heading\">Medizintechnik<\/h4>\n\n\n\n<p>Bugfixing f\u00fcr eine Steuerungs- und Analysesoftware f\u00fcr ein Ger\u00e4t zur Herzuntersuchung<br><\/p>\n\n\n\n<h3 class=\"wp-block-heading\">Sirona AG<\/h3>\n\n\n\n<h4 class=\"wp-block-heading\">Medizintechnik<\/h4>\n\n\n\n<p>Plugin f\u00fcr eine zahnmedizinische Analysesoftware<br><\/p>\n\n\n\n<h3 class=\"wp-block-heading\">Nokia AG\/NavTeq<\/h3>\n\n\n\n<h4 class=\"wp-block-heading\">Automotive<\/h4>\n\n\n\n<p>Portierung eines Navigationssystems auf Windows CE, Entwicklung des GUI f\u00fcr Volvo auf neuer Hardware<br><\/p>\n\n\n\n<h3 class=\"wp-block-heading\">Elektrobit AG<\/h3>\n\n\n\n<h4 class=\"wp-block-heading\">Automotive<\/h4>\n\n\n\n<p>AutoNavigationssoftware f\u00fcr Audi und VW<br><\/p>\n\n\n\n<h3 class=\"wp-block-heading\">DHW Druckhaus Waiblingen AG<\/h3>\n\n\n\n<h4 class=\"wp-block-heading\">Multimedia<\/h4>\n\n\n\n<p>GUI mit QT4 f\u00fcr ein bestehendes Informationsverwaltungssystem<br><\/p>\n\n\n\n<h3 class=\"wp-block-heading\">Weiss AG<\/h3>\n\n\n\n<h4 class=\"wp-block-heading\">Multimedia<\/h4>\n\n\n\n<p>Software f\u00fcr den Betrieb einer 3D-Kamera, Bildverarbeitung, Mitarbeit Viewer f\u00fcr EXR Sph\u00e4ren Bilder<br><\/p>\n\n\n\n<h3 class=\"wp-block-heading\">Rohde&amp;Schwarz<\/h3>\n\n\n\n<h4 class=\"wp-block-heading\">Me\u00dftechnik<\/h4>\n\n\n\n<p>GUI f\u00fcr ein Me\u00dfger\u00e4t f\u00fcr die Signal- und Spektrumanalyse<br><\/p>\n\n\n\n<h3 class=\"wp-block-heading\">Bosch<\/h3>\n\n\n\n<h4 class=\"wp-block-heading\">\u00dcberwachungstechnik<\/h4>\n\n\n\n<p>Konfigurationsprogramm und Installer f\u00fcr ein Anlagen-\u00dcberwachungssystem<br><\/p>\n\n\n\n<h3 class=\"wp-block-heading\">Accel<\/h3>\n\n\n\n<h4 class=\"wp-block-heading\">Medizintechnik<\/h4>\n\n\n\n<p>Teile der GUI und Backupsystem einer Applikation zum Betrieb einer Protonenbestrahlungsanlage f\u00fcr die Strahlentherapie<br><\/p>\n\n\n\n<h3 class=\"wp-block-heading\">Bosch<\/h3>\n\n\n\n<h4 class=\"wp-block-heading\">\u00dcberwachungstechnik<\/h4>\n\n\n\n<p>Anpassung eines Anlagen-\u00dcberwachungssystem f\u00fcr den Einsatz in einem Atomkraftwerk<br><\/p>\n\n\n\n<h3 class=\"wp-block-heading\">Gloning<\/h3>\n\n\n\n<h4 class=\"wp-block-heading\">Kranbau<\/h4>\n\n\n\n<p>Erweiterung einer Applikation f\u00fcr die Projekt\u00fcberwachung um Elemente zur wirtschaftlichen Auswertung.<\/p>\n\n\n\n<h3 class=\"wp-block-heading\">Daimler<\/h3>\n\n\n\n<h4 class=\"wp-block-heading\">Nutzfahrzeugbau<\/h4>\n\n\n\n<p>Unterst\u00fctzung bei der Analyse der Momentenpfad-Software einer Powertrain &#8211; Unit zum Redesign.<\/p>\n\n\n\n<h3 class=\"wp-block-heading\">Daimler<\/h3>\n\n\n\n<h4 class=\"wp-block-heading\">Nutzfahrzeugbau<\/h4>\n\n\n\n<p>Erstellung eines Lastenhefts f\u00fcr eine Antriebsstrang-Steuerungselektronik.<\/p>\n\n\n\n<h3 class=\"wp-block-heading\">Bosch<\/h3>\n\n\n\n<h4 class=\"wp-block-heading\">\u00dcberwachungstechnik<\/h4>\n\n\n\n<p>Anpassung eines Anlagen-\u00dcberwachungssystem f\u00fcr den Einsatz in einem Atomkraftwerk<\/p>\n\n\n\n<h3 class=\"wp-block-heading\">Gloning<\/h3>\n\n\n\n<h4 class=\"wp-block-heading\">Kranbau<\/h4>\n\n\n\n<p>Applikation f\u00fcr die Projekt\u00fcberwachung in der Produktion.<\/p>\n\n\n\n<h3 class=\"wp-block-heading\">Logo<\/h3>\n\n\n\n<h4 class=\"wp-block-heading\">Bildung<\/h4>\n\n\n\n<p>Applikation zur Unterst\u00fctzung von Lehrkr\u00e4ften bei der Testerstellung &#8211; und Auswertung.<\/p>\n\n\n\n<h3 class=\"wp-block-heading\">mv consulting<\/h3>\n\n\n\n<h4 class=\"wp-block-heading\">Web-Design<\/h4>\n\n\n\n<p>Web-Pr\u00e4senzen f\u00fcr eine K\u00fcnstlerin, eine Rechtsanw\u00e4ltin und einen Ingenieur.<\/p>\n\n\n\n<h3 class=\"wp-block-heading\">Thetis AG<\/h3>\n\n\n\n<h4 class=\"wp-block-heading\">Beton-Fertigteile<\/h4>\n\n\n\n<p>Debugging und Erweiterung eines CAD-Programms.<\/p>\n\n\n\n<h3 class=\"wp-block-heading\">ABB<\/h3>\n\n\n\n<h4 class=\"wp-block-heading\">Industrieanlagenbau<\/h4>\n\n\n\n<p>Controllerprogrammierung zur Anbindung verschiedener Feldbussysteme an ein eigenes Feldbussystem.<\/p>\n\n\n\n<p>Controllerprogrammierung einer Elektronik zur Motorsteuerung und Motorstrommessung<\/p>\n\n\n\n<h3 class=\"wp-block-heading\">mb Software<\/h3>\n\n\n\n<h4 class=\"wp-block-heading\">CAD Software<\/h4>\n\n\n\n<p>CAD-Applikation f\u00fcr Architekten und Bauingenieure.<\/p>\n\n\n\n<h3 class=\"wp-block-heading\">Heidelberger Druck<\/h3>\n\n\n\n<h4 class=\"wp-block-heading\">Druckmaschinen<\/h4>\n\n\n\n<p>Doc-View-GUI f\u00fcr Druckmaschinen-Steuerung und Fehlermeldesystem daf\u00fcr.<\/p>\n\n\n\n<h3 class=\"wp-block-heading\">Bosch<\/h3>\n\n\n\n<h4 class=\"wp-block-heading\">Automobil-Elektronik<\/h4>\n\n\n\n<p>COM-Objekt zur Personenidentifikation und individuelle Fahrzeugeinstellungen im PKW.<\/p>\n\n\n\n<h3 class=\"wp-block-heading\">Thetis AG<\/h3>\n\n\n\n<h4 class=\"wp-block-heading\">Kl\u00e4ranlagenbau<\/h4>\n\n\n\n<p>Datenbank-Archivierungstool und Datenrestaurierungstool f\u00fcr Me\u00dftechnikdaten.<\/p>\n\n\n\n<h3 class=\"wp-block-heading\">NSM<\/h3>\n\n\n\n<h4 class=\"wp-block-heading\">Unterhaltungselektronik<\/h4>\n\n\n\n<p>Testsoftware f\u00fcr die Qualit\u00e4tssicherung f\u00fcr einen CD-Wechsler.<\/p>\n\n\n\n<p>Applikation f\u00fcr die PC-Steuerung eines CD-Wechslers.<\/p>\n\n\n\n<h3 class=\"wp-block-heading\">Wersi<\/h3>\n\n\n\n<h4 class=\"wp-block-heading\">Elektronische Orgeln<\/h4>\n\n\n\n<p>Disc Operating System f\u00fcr ein Transputer-System zur Orgelsteuerung.<\/p>\n\n\n\n<h3 class=\"wp-block-heading\">H\u00f6rmann<\/h3>\n\n\n\n<h4 class=\"wp-block-heading\">T\u00fcren, Fenster<\/h4>\n\n\n\n<p>Proze\u00dfleitsystem zur Produktionssteuerung.<\/p>\n","protected":false},"excerpt":{"rendered":"<p>Miele Haushaltsger\u00e4te Planung und Entwicklung der Ger\u00e4tesoftware f\u00fcr eine neue Sp\u00fclmaschinengeneration. Schwarzer Cardiotek Medizintechnik Bugfixing f\u00fcr eine Steuerungs- und Analysesoftware f\u00fcr ein Ger\u00e4t zur Herzuntersuchung Sirona AG Medizintechnik Plugin f\u00fcr eine zahnmedizinische Analysesoftware Nokia AG\/NavTeq Automotive Portierung eines Navigationssystems auf Windows CE, Entwicklung des GUI f\u00fcr Volvo auf neuer Hardware Elektrobit AG Automotive AutoNavigationssoftware f\u00fcr &hellip; <a href=\"https:\/\/mv-consulting-gmbh.de\/?page_id=9\" class=\"more-link\"><span class=\"screen-reader-text\">\u201eReferenzen\u201c <\/span>weiterlesen<\/a><\/p>\n","protected":false},"author":1,"featured_media":0,"parent":0,"menu_order":0,"comment_status":"closed","ping_status":"closed","template":"","meta":{"footnotes":""},"class_list":["post-9","page","type-page","status-publish","hentry"],"_links":{"self":[{"href":"https:\/\/mv-consulting-gmbh.de\/index.php?rest_route=\/wp\/v2\/pages\/9","targetHints":{"allow":["GET"]}}],"collection":[{"href":"https:\/\/mv-consulting-gmbh.de\/index.php?rest_route=\/wp\/v2\/pages"}],"about":[{"href":"https:\/\/mv-consulting-gmbh.de\/index.php?rest_route=\/wp\/v2\/types\/page"}],"author":[{"embeddable":true,"href":"https:\/\/mv-consulting-gmbh.de\/index.php?rest_route=\/wp\/v2\/users\/1"}],"replies":[{"embeddable":true,"href":"https:\/\/mv-consulting-gmbh.de\/index.php?rest_route=%2Fwp%2Fv2%2Fcomments&post=9"}],"version-history":[{"count":4,"href":"https:\/\/mv-consulting-gmbh.de\/index.php?rest_route=\/wp\/v2\/pages\/9\/revisions"}],"predecessor-version":[{"id":42,"href":"https:\/\/mv-consulting-gmbh.de\/index.php?rest_route=\/wp\/v2\/pages\/9\/revisions\/42"}],"wp:attachment":[{"href":"https:\/\/mv-consulting-gmbh.de\/index.php?rest_route=%2Fwp%2Fv2%2Fmedia&parent=9"}],"curies":[{"name":"wp","href":"https:\/\/api.w.org\/{rel}","templated":true}]}}