{"id":8,"date":"2020-06-13T09:35:50","date_gmt":"2020-06-13T09:35:50","guid":{"rendered":"http:\/\/mv-consulting-gmbh.de\/?page_id=8"},"modified":"2020-11-11T15:44:13","modified_gmt":"2020-11-11T15:44:13","slug":"projekte","status":"publish","type":"page","link":"https:\/\/mv-consulting-gmbh.de\/?page_id=8","title":{"rendered":"Projekte"},"content":{"rendered":"\n<figure class=\"wp-block-image size-large is-resized\"><img loading=\"lazy\" decoding=\"async\" src=\"http:\/\/mv-consulting-gmbh.de\/wp-content\/uploads\/2020\/06\/hg_projekte.jpg\" alt=\"\" class=\"wp-image-32\" width=\"1000\" height=\"500\" srcset=\"https:\/\/mv-consulting-gmbh.de\/wp-content\/uploads\/2020\/06\/hg_projekte.jpg 1000w, https:\/\/mv-consulting-gmbh.de\/wp-content\/uploads\/2020\/06\/hg_projekte-300x150.jpg 300w, https:\/\/mv-consulting-gmbh.de\/wp-content\/uploads\/2020\/06\/hg_projekte-768x384.jpg 768w\" sizes=\"auto, (max-width: 709px) 85vw, (max-width: 909px) 67vw, (max-width: 1362px) 62vw, 840px\" \/><\/figure>\n\n\n\n<h3 class=\"wp-block-heading\">06\/18 \u2013 09\/20<\/h3>\n\n\n\n<p>App f\u00fcr iOS und Android f\u00fcr eine astrologische Partnervermittlung<\/p>\n\n\n\n<p>Apps<\/p>\n\n\n\n<p>Implementierung von Berechnungen nach indischer Astrologie. Programmierung von Entwicklungstools zu Ermittlung von Gewichtungs-Koeffizienten durch Vergleich der Einzeldaten mit 132 Beispielpaaren.<\/p>\n\n\n\n<p>Entwicklung einer App f\u00fcr verschiedene Plattformen zur Partnersuche nach astrologischen Ergebnissen.<\/p>\n\n\n\n<p>C#, Windows 10, VC 2017, iOS, Android, Xamarin, Git<\/p>\n\n\n\n<h3 class=\"wp-block-heading\">09\/15 &#8211; 06\/18<\/h3>\n\n\n\n<p>Embedded Software f\u00fcr eine Geschirrsp\u00fclmaschine<\/p>\n\n\n\n<p>Haushaltsger\u00e4te<\/p>\n\n\n\n<p>Planung und Entwicklung der Ger\u00e4tesoftware f\u00fcr eine neue Sp\u00fclmaschinengeneration.<\/p>\n\n\n\n<p>C, Windows 7, VC 2012, Embedded Software, Enterprise Architect, Agile Softwareentwicklung, Scrum<\/p>\n\n\n\n<h3 class=\"wp-block-heading\">6\/15 &#8211; 08\/15<\/h3>\n\n\n\n<p>Bugfixing f\u00fcr eine Steuerungs- und Analysesoftware f\u00fcr ein Ger\u00e4t zur Herzuntersuchung<\/p>\n\n\n\n<p>Medizintechnik<\/p>\n\n\n\n<p>Review und Buxfixing einer Steuerungssoftware, mit der ein Ger\u00e4t f\u00fcr die kathetergest\u00fctzte Herzuntersuchung.<\/p>\n\n\n\n<p>C++, MFC, Windows 7, VC 2010<\/p>\n\n\n\n<h3 class=\"wp-block-heading\">9\/13 &#8211; 04\/15<\/h3>\n\n\n\n<p>Plugin f\u00fcr medizinische Analysesoftware<\/p>\n\n\n\n<p>Medizintechnik<\/p>\n\n\n\n<p>Planung und Entwicklung eines Plugin f\u00fcr ein zahnmedizinisches Programm. Das Plugin dient der Anbindung eines parallel entwickelten Ger\u00e4ts zum Scannen von R\u00f6ntgenfolien.<\/p>\n\n\n\n<p>C#, C++, COM, .NET 4.0, Windows XP \u2013 Windows 8, VC 2012, Enterprise Architect, WIX, SVN, XML, Bildverarbeitung<\/p>\n\n\n\n<h3 class=\"wp-block-heading\">10\/12 &#8211; 05\/13<\/h3>\n\n\n\n<p>Software f\u00fcr ein Navigationssystem f\u00fcr Volvo<\/p>\n\n\n\n<p>Automotive<\/p>\n\n\n\n<p>Portierung eines Navigationssystems auf Windows CE, Entwicklung des GUI auf neuer Hardware<\/p>\n\n\n\n<p>C++, Windows CE, Embedded Software, Visual Studio, Enterprise Architect, Agile Softwareentwicklung, Scrum<\/p>\n\n\n\n<h3 class=\"wp-block-heading\">12\/10 &#8211; 09\/12<\/h3>\n\n\n\n<p>Software f\u00fcr ein Navigationssystem f\u00fcr Audi und VW<\/p>\n\n\n\n<p>Automotive<\/p>\n\n\n\n<p>Entwicklung eines Navigationssystems der Elektrobit GmbH f\u00fcr Fahrzeughersteller. Mitarbeit in dem Team, das den Presentation-Controller entwickelt. Schwerpunkt in Planung und Implementierung von Persistenz- und Diagnosekomponenten.<\/p>\n\n\n\n<p>C++, QNX, Eclipse, Embedded Software, Agile Softwareentwicklung, Scrum<\/p>\n\n\n\n<h3 class=\"wp-block-heading\">09\/10 &#8211; 11\/10<\/h3>\n\n\n\n<p>GUI mit QT4 f\u00fcr ein bestehendes Informationsverwaltungssystem<\/p>\n\n\n\n<p>Multimedia<\/p>\n\n\n\n<p>Eine neue GUI wurde mit QT4 f\u00fcr eine neue Version eines bestehenden Informationsverwaltungssystem erstellt.<\/p>\n\n\n\n<p>C++, QT4, Windows XP, Visual Studio<\/p>\n\n\n\n<h3 class=\"wp-block-heading\">01\/10 &#8211; 03\/10<\/h3>\n\n\n\n<p>Software f\u00fcr PC, Viewer f\u00fcr 360\u00b0 &#8211; Bilder<\/p>\n\n\n\n<p>Multimedia<\/p>\n\n\n\n<p>Software, mit der sph\u00e4rische tiled OpenExr \u2013 Bilder angesehen werden k\u00f6nnen und mit der Vermessungen in Bildpaaren durchgef\u00fchrt werden k\u00f6nnen. Das Pflichtenheft f\u00fcr die Software wurde von mir als Leiter der Software-Entwicklung der Weiss AG Mitte 2009 erstellt und an einen externen Entwickler vergeben. Im Januar 2010 wurde die Software von mir abgenommen. In den Folgemonaten habe ich einen mehrsprachigen Installer f\u00fcr diese Software erstellt, sie um einige Features erg\u00e4nzt und um die M\u00f6glichkeit, diese in englischer, deutscher und chinesischer Sprache anzuzeigen.<\/p>\n\n\n\n<p>C++, QT4, Windows XP, Windows Vista, Windows 7, je 32 und 64 Bit, .NET<\/p>\n\n\n\n<h3 class=\"wp-block-heading\">11\/08 &#8211; 12\/09<\/h3>\n\n\n\n<p>Software f\u00fcr PC und PDA f\u00fcr Kameraanbindung, Bildverarbeitung, Kamerasteuerung<\/p>\n\n\n\n<p>Multimedia<\/p>\n\n\n\n<p>Software f\u00fcr PC und PDA f\u00fcr die Steuerung und Anbindung eines parallel entwickelten Kamerasystems, Userinterface und Verarbeitung der Bilddaten zu sph\u00e4rischen Bildern Software zur Reduktion von Farbfehlern und zur Codierung von Daten. T\u00e4tigkeit f\u00fcr die Weiss AG als Leiter der Software-Entwicklung. Die Weiss AG hat zu diesem Zeitpunkt als StartUp den Gesch\u00e4ftsbetrieb mit 5 Mitarbeitern aufgenommen. Meine Aufgabe war als einziger interner Software-Entwickler alle Entwicklungsschritte von der Planung \u00fcber die Durchf\u00fchrung bis zur Freigabe und dem Kundensupport. Einzelaufgaben habe ich an Freiberufler vergeben. Eine Projektleitung auch im Hardware-Bereich.<\/p>\n\n\n\n<p>C++, QT4, Windows XP, Windows Vista, Windows 7, je 32 und 64 Bit, WindowsMobile, C#<\/p>\n\n\n\n<h3 class=\"wp-block-heading\">01\/07 &#8211; 10\/08<\/h3>\n\n\n\n<p>Software f\u00fcr GUI auf Me\u00dfger\u00e4t f\u00fcr Signal- und Spektrum Analyse.<\/p>\n\n\n\n<p>Me\u00dftechnik<\/p>\n\n\n\n<p>T\u00e4tigkeit f\u00fcr Rohde&amp;Schwarz in M\u00fcnchen in einem Team von 30 Software-Entwicklern. Erstellen des User-Interfaces auf dem Touch-Screen eines Me\u00dfger\u00e4ts zur Anzeige von Me\u00dfdaten in Tabellen und Diagrammen und zu Eingabe von Parametern zu den verschiedenen Me\u00dfm\u00f6glichkeiten.<\/p>\n\n\n\n<p>C++, OOP, ClearCase, QT3, QT4, Windows XP<\/p>\n\n\n\n<h3 class=\"wp-block-heading\">05\/06 &#8211; 10\/06<\/h3>\n\n\n\n<p>Konfigurationsprogramm f\u00fcr eine Applikation zur \u00dcberwachung gro\u00dfer Einrichtungen.<\/p>\n\n\n\n<p>Sicherheits- und \u00dcberwachungstechnik<\/p>\n\n\n\n<p>T\u00e4tigkeit f\u00fcr Bosch, Niederlassung Ottobrunn s\u00fcdlich von M\u00fcnchen. Teamgr\u00f6\u00dfe insgesamt ca. 50. Meine Aufgabe war, eine gro\u00dfe Applikation mit vielen Optionen abzuspecken und mit einem Installer zu versehen, das nur einige wenige Optionen zur Verf\u00fcgung stellt. Ziel war eine kleine und billige Version zur \u00dcberwachung kleinerer Anlagen zu erstellen.<\/p>\n\n\n\n<p>C++, MFC, XML, C#, MS-SQL Server<\/p>\n\n\n\n<h3 class=\"wp-block-heading\">12\/05 &#8211; 04\/06<\/h3>\n\n\n\n<p>Mitarbeit bei einer Applikation zum Betrieb einer Protonenbestrahlungsanlage f\u00fcr die Strahlentherapie.<\/p>\n\n\n\n<p>Medizintechnik<\/p>\n\n\n\n<p>T\u00e4tigkeit f\u00fcr die Accel AG in Bergisch Gladbach. Meine Aufgabe war das Erstellen verschiedener Features zur Aufbereitung und Anzeige von Daten sowie zum sicheren Speichern und Einladen von Prozesszustandsdaten im Notfall.<\/p>\n\n\n\n<p>C++, MFC, OOP, UML, ClearCase, ClearQuest, .NET, Oracle<\/p>\n\n\n\n<h3 class=\"wp-block-heading\">07\/05 &#8211; 10\/05<\/h3>\n\n\n\n<p>Anpassung einer gro\u00dfen Applikation zur \u00dcberwachung gro\u00dfer Einrichtungen an spezielle Kundenw\u00fcnsche.<\/p>\n\n\n\n<p>Sicherheits- und \u00dcberwachungstechnik<\/p>\n\n\n\n<p>T\u00e4tigkeit f\u00fcr Bosch, Niederlassung Ottobrunn s\u00fcdlich von M\u00fcnchen. Teamgr\u00f6\u00dfe insgesamt ca. 50. Meine Aufgabe war, eine gro\u00dfe Applikation an die speziellen Anforderungen eines Schweizer Atomkraftwerks anzupassen.<\/p>\n\n\n\n<p>C++, MFC, ActiveX, .NET, ODBC, MS-SQL Server<\/p>\n\n\n\n<h3 class=\"wp-block-heading\">05\/05 &#8211; 06\/05<\/h3>\n\n\n\n<p>Entwicklung einer kleine Grafik-Engine f\u00fcr Geb\u00e4udevisualisierung<\/p>\n\n\n\n<p>CAD &#8211; Software<\/p>\n\n\n\n<p>C++, VisualStudio 7.0, OOP, .NET<\/p>\n\n\n\n<h3 class=\"wp-block-heading\">02\/05 &#8211; 04\/05<\/h3>\n\n\n\n<p>Erweiterung einer Applikation f\u00fcr die Projekt\u00fcberwachung einer Kranbau-Firma. Die Applikation erm\u00f6glicht jetzt auch die Erfassung eines Projekts im Kosten-\/Wertsch\u00f6pfungsverlauf, je nach Projektvortschritt.<\/p>\n\n\n\n<p>EPR &#8211; Software<\/p>\n\n\n\n<p>C++, MFC<\/p>\n\n\n\n<h3 class=\"wp-block-heading\">11\/04 &#8211; 01\/05<\/h3>\n\n\n\n<p>Unterst\u00fctzung bei der Analyse der Momentenpfad-Software einer Powertrain &#8211; Unit zum sp\u00e4teren Redesign; Erstellen verschiedener automatisierter Tabellen mit MS Excel<\/p>\n\n\n\n<p>Automotive<\/p>\n\n\n\n<p>Elektrotechnik, MS Excel, Matlab<\/p>\n\n\n\n<h3 class=\"wp-block-heading\">7\/04 &#8211; 10\/04<\/h3>\n\n\n\n<p>Erstellung eines Lastenhefts f\u00fcr eine Antriebsstrang-Steuerungselektronik, Automotive, DaimlerChrysler<\/p>\n\n\n\n<p>Automotive<\/p>\n\n\n\n<p>allgem. Elektrotechnik, Englisch, DOORS<\/p>\n\n\n\n<h3 class=\"wp-block-heading\">2\/04 &#8211; 6\/04<\/h3>\n\n\n\n<p>Erstellen einer Applikation f\u00fcr die Projekt\u00fcberwachung in einer Kranbau-Firma.<\/p>\n\n\n\n<p>EPR &#8211; Software<\/p>\n\n\n\n<p>C++, MFC, ODBC, SQL<\/p>\n\n\n\n<h3 class=\"wp-block-heading\">9\/03 &#8211; 1\/04&lt;<\/h3>\n\n\n\n<p>Erstellen einer Anwendung Administrative Software f\u00fcr den Lehrbereich<\/p>\n\n\n\n<p>C++, MFC, ODBC<\/p>\n\n\n\n<h3 class=\"wp-block-heading\">10\/02 &#8211; 8\/03<\/h3>\n\n\n\n<p>Erstellung von Web-Homepages f\u00fcr K\u00fcnstler, Rechtsanwalt, Ingenieur<\/p>\n\n\n\n<p>PHP, HTML<\/p>\n\n\n\n<h3 class=\"wp-block-heading\">5\/02 &#8211;&nbsp; 9\/02<\/h3>\n\n\n\n<p>Feuerwehreinsatz bei der Entwicklung eines CAD-Programms f\u00fcr ein Beton-Fertigteilwerk<\/p>\n\n\n\n<p>C++, OOP, MS Source Save<\/p>\n\n\n\n<h3 class=\"wp-block-heading\">9\/01 &#8211;&nbsp; 4\/02<\/h3>\n\n\n\n<p>Controller-Programmierung 8081-Derivat von Phillips und Fujitsu-Controller f\u00fcr Feldbus-Anbindung, Motorsteuerung und Strommessung. Mitarbeit bei der Hardware-Entwicklung.<\/p>\n\n\n\n<p>C, Fujitsu-Compiler, Keil-Compiler, Me\u00dftechnik<\/p>\n\n\n\n<h3 class=\"wp-block-heading\">3\/99 &#8211; 8\/01<\/h3>\n\n\n\n<p>Mitarbeit bei der Entwicklung eines gro\u00dfen CAD-Kerns f\u00fcr verschiedene CAD-Programme und eines aufsetzenden CAD-Anwenderprogramms f\u00fcr Architekten und Bauingenieure.<\/p>\n\n\n\n<p>Durchf\u00fchrung von Schulungen in OOP und C++.<\/p>\n\n\n\n<p>OOP, C++, MFC, STL, DCOM, Projektplanung, MS Source Save<\/p>\n\n\n\n<p>Koordination mit anderen Firmen<\/p>\n\n\n\n<h3 class=\"wp-block-heading\">1999<\/h3>\n\n\n\n<p>Entwicklung einer Doc-View-Bedieneroberfl\u00e4che f\u00fcr Druckmaschinen. Angedockt an ein austauschbares Grafiktool, dadurch Betriebssystemunabh\u00e4ngigkeit.<\/p>\n\n\n\n<p>OOP, C++, Rational Rose, Multitasking<\/p>\n\n\n\n<h3 class=\"wp-block-heading\">1998&nbsp;&nbsp;&nbsp;<\/h3>\n\n\n\n<p>Entwicklung eines Personen-Identifikations-Servers (Automotive) als COM-Objekt (ATL) mit Schnittstelle zum CAN-Feldbus.<\/p>\n\n\n\n<p>OOP, C++, COM, ATL, Windows NT, Multitasking<\/p>\n\n\n\n<h3 class=\"wp-block-heading\">1997<\/h3>\n\n\n\n<p>Kundenspezifisches Datenbankarchivierungstool f\u00fcr eine SQL-Datenbank unter Windows NT. Realisierung der Sicherung von Daten vor einem definierten Datum, Reorganisation der bestehenden Datenbank zur<\/p>\n\n\n\n<p>L\u00f6schung der Leerdatens\u00e4tze. Restaurierung von archivierten Daten \u00fcber ODBC.<\/p>\n\n\n\n<p>C++, ODBC, SQL, Windows NT, MS Source Save<\/p>\n\n\n\n<h3 class=\"wp-block-heading\">1995 &#8211; 1996<\/h3>\n\n\n\n<p>Applikation f\u00fcr die PC-Anbindung eines parallel entwickelten CD-Wechslers. Testsoftware f\u00fcr die Qualit\u00e4tssicherung. Software f\u00fcr die Entwicklung neuer CD-Wechsler-Generationen.<\/p>\n\n\n\n<p>C++, Borland, Windows<\/p>\n\n\n\n<h3 class=\"wp-block-heading\">1994 &#8211; 1995<\/h3>\n\n\n\n<p>Softwareentwicklung f\u00fcr Keyboards und elektronischen Orgeln.<br>Projektleitung bei der Entwicklung der Hard- und Software, ein spezielles Disk Operating System f\u00fcr die Einbindung einer Festplatte in ein parallel entwickeltes auf einem Transputersystem basierendes Keyboard.<\/p>\n\n\n\n<p>C, Occam , Transputer, Multitasking<\/p>\n\n\n\n<h3 class=\"wp-block-heading\">1993<\/h3>\n\n\n\n<p>Entwicklung von Software f\u00fcr ein Proze\u00dfleitsystem auf einem PC-Netz zur Steuerung des kompletten Produktionsablaufs von der Datenausgabe einer AS500 bis zur Auslieferung.<br>Projektierung und Pflichtenhefterstellung<\/p>\n\n\n\n<p>Turbo Pascal, Assembler, Windows, Multitasking<\/p>\n\n\n\n<h3 class=\"wp-block-heading\">1985 &#8211; 1993<\/h3>\n\n\n\n<p>Entwurf und Simulation eines DRAM-Controllers mit VHDL<br>Programmierung und Aufbau eines Me\u00dfsystems zur Aufnahme der Frequenzg\u00e4nge von Lautsprechern.<br>Programmierung eines Scanner-Interfaces in Assembler.<br>Entwicklung und Bau einer Anlage zur Demonstration der Funktionsweise eines Mikroprozessorsystems.<\/p>\n\n\n\n<p>VHDL, Assembler<\/p>\n","protected":false},"excerpt":{"rendered":"<p>06\/18 \u2013 09\/20 App f\u00fcr iOS und Android f\u00fcr eine astrologische Partnervermittlung Apps Implementierung von Berechnungen nach indischer Astrologie. Programmierung von Entwicklungstools zu Ermittlung von Gewichtungs-Koeffizienten durch Vergleich der Einzeldaten mit 132 Beispielpaaren. Entwicklung einer App f\u00fcr verschiedene Plattformen zur Partnersuche nach astrologischen Ergebnissen. C#, Windows 10, VC 2017, iOS, Android, Xamarin, Git 09\/15 &#8211; &hellip; <a href=\"https:\/\/mv-consulting-gmbh.de\/?page_id=8\" class=\"more-link\"><span class=\"screen-reader-text\">\u201eProjekte\u201c <\/span>weiterlesen<\/a><\/p>\n","protected":false},"author":1,"featured_media":0,"parent":0,"menu_order":0,"comment_status":"closed","ping_status":"closed","template":"","meta":{"footnotes":""},"class_list":["post-8","page","type-page","status-publish","hentry"],"_links":{"self":[{"href":"https:\/\/mv-consulting-gmbh.de\/index.php?rest_route=\/wp\/v2\/pages\/8","targetHints":{"allow":["GET"]}}],"collection":[{"href":"https:\/\/mv-consulting-gmbh.de\/index.php?rest_route=\/wp\/v2\/pages"}],"about":[{"href":"https:\/\/mv-consulting-gmbh.de\/index.php?rest_route=\/wp\/v2\/types\/page"}],"author":[{"embeddable":true,"href":"https:\/\/mv-consulting-gmbh.de\/index.php?rest_route=\/wp\/v2\/users\/1"}],"replies":[{"embeddable":true,"href":"https:\/\/mv-consulting-gmbh.de\/index.php?rest_route=%2Fwp%2Fv2%2Fcomments&post=8"}],"version-history":[{"count":6,"href":"https:\/\/mv-consulting-gmbh.de\/index.php?rest_route=\/wp\/v2\/pages\/8\/revisions"}],"predecessor-version":[{"id":55,"href":"https:\/\/mv-consulting-gmbh.de\/index.php?rest_route=\/wp\/v2\/pages\/8\/revisions\/55"}],"wp:attachment":[{"href":"https:\/\/mv-consulting-gmbh.de\/index.php?rest_route=%2Fwp%2Fv2%2Fmedia&parent=8"}],"curies":[{"name":"wp","href":"https:\/\/api.w.org\/{rel}","templated":true}]}}