{"id":2,"date":"2016-05-10T03:48:21","date_gmt":"2016-05-10T03:48:21","guid":{"rendered":"http:\/\/mv-consulting-gmbh.de\/?page_id=2"},"modified":"2020-06-13T10:24:55","modified_gmt":"2020-06-13T10:24:55","slug":"sample-page","status":"publish","type":"page","link":"https:\/\/mv-consulting-gmbh.de\/","title":{"rendered":"Software"},"content":{"rendered":"\n<figure class=\"wp-block-image size-large is-resized\"><img loading=\"lazy\" decoding=\"async\" src=\"http:\/\/mv-consulting-gmbh.de\/wp-content\/uploads\/2020\/06\/hg_start.jpg\" alt=\"\" class=\"wp-image-26\" width=\"1000\" height=\"500\" srcset=\"https:\/\/mv-consulting-gmbh.de\/wp-content\/uploads\/2020\/06\/hg_start.jpg 1000w, https:\/\/mv-consulting-gmbh.de\/wp-content\/uploads\/2020\/06\/hg_start-300x150.jpg 300w, https:\/\/mv-consulting-gmbh.de\/wp-content\/uploads\/2020\/06\/hg_start-768x384.jpg 768w\" sizes=\"auto, (max-width: 709px) 85vw, (max-width: 909px) 67vw, (max-width: 1362px) 62vw, 840px\" \/><\/figure>\n\n\n\n<h2 class=\"wp-block-heading\">Herzlich Willkommen bei mv consulting GmbH!<\/h2>\n\n\n\n<p>Sie suchen einen hochkar\u00e4tigen Spezialisten, der Ihre Software-Projekte schnell und unkompliziert durchf\u00fchrt? Wenn Ihr Projekt in einen der folgenden Bereiche geh\u00f6rt, sind Sie hier richtig:<\/p>\n\n\n\n<ul class=\"wp-block-list\"><li>System- und Anwendungsprogrammierung unter Windows, gerne auch hardwarenahe Anwendungen<\/li><li>Bildverarbeitung, Grafik, Visualisierungen<\/li><li>Web-Projekte und Visualisierungen f\u00fcr Web-Projekte<br><\/li><\/ul>\n\n\n\n<p>F\u00fcr Projekte oder Teilprojekte, die nicht zu unseren Kernkompetenzen z\u00e4hlen, ziehen wir freiberufliche Spezialisten hinzu, um auch da beste Qualit\u00e4t liefern zu k\u00f6nnen.<\/p>\n\n\n\n<p>Folgend eine Liste von Stichpunkten, die unsere T\u00e4tigkeitsbereiche beschreiben:<\/p>\n\n\n\n<ul class=\"wp-block-list\"><li>Ingenieurtechnische Beratungsleistungen im Bereich Software-Entwicklung<\/li><li>Softwareentwicklung, Software-Engeneering, Software-Projekte, Programmentwicklung, Anwendungsentwicklung<\/li><li>Programmiersprachen C++, C#, C, alle Windows Betriebssysteme, Qt4, MFC<\/li><li>Visual Studio, GUI-Entwicklung, Embedded Systems,<\/li><li>Visualisierung, Bildverarbeitung, Web-Design, Web-Projekte, Grafikprojekte,<\/li><li>Grafikformate, exr, tif, tiff, jpg, open exr<\/li><li>Betriebssysteme Windows XP, Windows Vista, Windows 7<\/li><li>Internet, Internet-Projekte, Internet-Entwicklungen, Web-Entwicklungen, Datenbanken,<\/li><li>Hardware-nahe Softwareentwicklung, Elektrotechnik, Software-Ingenieure, Software-Spezialisten,<\/li><li>Software-Engeneering im Bereich Elektrotechnik, Inhouse Software-Projekte, Qt, Qt4, GUI-Entwicklung, Embedded Systems.<\/li><li>Architektur, CAD, Bauzeichnungen, Visualisierungen<\/li><\/ul>\n","protected":false},"excerpt":{"rendered":"<p>Herzlich Willkommen bei mv consulting GmbH! Sie suchen einen hochkar\u00e4tigen Spezialisten, der Ihre Software-Projekte schnell und unkompliziert durchf\u00fchrt? Wenn Ihr Projekt in einen der folgenden Bereiche geh\u00f6rt, sind Sie hier richtig: System- und Anwendungsprogrammierung unter Windows, gerne auch hardwarenahe Anwendungen Bildverarbeitung, Grafik, Visualisierungen Web-Projekte und Visualisierungen f\u00fcr Web-Projekte F\u00fcr Projekte oder Teilprojekte, die nicht zu &hellip; <a href=\"https:\/\/mv-consulting-gmbh.de\/\" class=\"more-link\"><span class=\"screen-reader-text\">\u201eSoftware\u201c <\/span>weiterlesen<\/a><\/p>\n","protected":false},"author":1,"featured_media":0,"parent":0,"menu_order":0,"comment_status":"closed","ping_status":"open","template":"","meta":{"footnotes":""},"class_list":["post-2","page","type-page","status-publish","hentry"],"_links":{"self":[{"href":"https:\/\/mv-consulting-gmbh.de\/index.php?rest_route=\/wp\/v2\/pages\/2","targetHints":{"allow":["GET"]}}],"collection":[{"href":"https:\/\/mv-consulting-gmbh.de\/index.php?rest_route=\/wp\/v2\/pages"}],"about":[{"href":"https:\/\/mv-consulting-gmbh.de\/index.php?rest_route=\/wp\/v2\/types\/page"}],"author":[{"embeddable":true,"href":"https:\/\/mv-consulting-gmbh.de\/index.php?rest_route=\/wp\/v2\/users\/1"}],"replies":[{"embeddable":true,"href":"https:\/\/mv-consulting-gmbh.de\/index.php?rest_route=%2Fwp%2Fv2%2Fcomments&post=2"}],"version-history":[{"count":9,"href":"https:\/\/mv-consulting-gmbh.de\/index.php?rest_route=\/wp\/v2\/pages\/2\/revisions"}],"predecessor-version":[{"id":44,"href":"https:\/\/mv-consulting-gmbh.de\/index.php?rest_route=\/wp\/v2\/pages\/2\/revisions\/44"}],"wp:attachment":[{"href":"https:\/\/mv-consulting-gmbh.de\/index.php?rest_route=%2Fwp%2Fv2%2Fmedia&parent=2"}],"curies":[{"name":"wp","href":"https:\/\/api.w.org\/{rel}","templated":true}]}}